


{"id":2219,"date":"2016-12-08T15:04:29","date_gmt":"2016-12-08T14:04:29","guid":{"rendered":"http:\/\/www.humanites.pl\/1-dla-spraw-ktorych-nie-mozna-zdelegowac\/"},"modified":"2017-12-18T15:24:01","modified_gmt":"2017-12-18T14:24:01","slug":"1-dla-spraw-ktorych-nie-mozna-zdelegowac","status":"publish","type":"page","link":"https:\/\/www.humanites.pl\/en\/1-dla-spraw-ktorych-nie-mozna-zdelegowac\/","title":{"rendered":"1% for issues you can not delegate"},"content":{"rendered":"<div class=\"wpb-content-wrapper\"><p>[vc_row][vc_column][vc_row_inner][vc_column_inner][vc_custom_heading text=&#8221;1% for issues you can not delegate&#8221;][\/vc_column_inner][\/vc_row_inner][vc_row_inner][vc_column_inner width=&#8221;1\/3&#8243;][vc_single_image image=&#8221;1300&#8243; img_size=&#8221;full&#8221;][\/vc_column_inner][vc_column_inner width=&#8221;2\/3&#8243;][vc_column_text]If you\u2019re not indifferent to building such relationships in a family that promotes good upbringing of the young generation, support our activities with 1% of your tax.<\/p>\n<p><span id=\"more-29\"><\/span>The main goal of the Humanites Foundation \u2013 the Art of Education, is to support families in the context of creating healthy, lasting bonds and educating children, considering a number of today\u2019s world challenges such as flood of information, consumerism, omnipresent aggression and constant living in the rush.[\/vc_column_text][vc_column_text]The Foundation seeks, supports and implements adequate solutions in the context of the family by defining goals in the social area and in the field of:<\/p>\n<ul>\n<li>collaboration with employers, where most parents spend their time every day,<\/li>\n<li>the Education System, where our children spend most of their time on learning and interactions with their peers.<\/li>\n<li>Media world which is an influential factor that determines our behavior patterns and frequently accompanies us and our children in spare time.<\/li>\n<\/ul>\n<p>[\/vc_column_text][\/vc_column_inner][\/vc_row_inner][vc_row_inner][vc_column_inner][vc_column_text]<a title=\"Dzia\u0142alno\u015b\u0107\" href=\"http:\/\/www.humanites.pl\/en\/#about-us\">Read more about what we do<\/a><\/p>\n<p>&nbsp;<\/p>\n<p>Any person of good will can support the Foundation with 1% of her tax income for the implementation of projects that comply with our mission and selected goals.<br \/>\nWe will be extremely grateful for your contribution.<\/p>\n<p>Support us financially<\/p>\n<p><strong>Information for bank transfers:<\/strong><br \/>\nPKO Bank Polski, nr konta: 93 1020 1042 0000 8002 0240 9068<\/p>\n<p>Fundacja Humanites \u2013 Sztuka Wychowania<br \/>\nNowogrodzka 56\/7<br \/>\n00-695 Warszawa<\/p>\n<p>NIP: 524-27-22-596<br \/>\nKRS 0000368820[\/vc_column_text][\/vc_column_inner][\/vc_row_inner][\/vc_column][\/vc_row]<\/p>\n<\/div>","protected":false},"excerpt":{"rendered":"<p>[vc_row][vc_column][vc_row_inner][vc_column_inner][vc_custom_heading text=&#8221;1% for issues you can not delegate&#8221;][\/vc_column_inner][\/vc_row_inner][vc_row_inner][vc_column_inner width=&#8221;1\/3&#8243;][vc_single_image image=&#8221;1300&#8243; img_size=&#8221;full&#8221;][\/vc_column_inner][vc_column_inner width=&#8221;2\/3&#8243;][vc_column_text]If you\u2019re not indifferent to building such relationships in a family that promotes good upbringing of the young generation, [&hellip;]<\/p>\n","protected":false},"author":6,"featured_media":0,"parent":0,"menu_order":0,"comment_status":"closed","ping_status":"closed","template":"unlimited-page.php","meta":{"_acf_changed":false,"footnotes":""},"class_list":["post-2219","page","type-page","status-publish","hentry"],"acf":[],"aioseo_notices":[],"_links":{"self":[{"href":"https:\/\/www.humanites.pl\/en\/wp-json\/wp\/v2\/pages\/2219","targetHints":{"allow":["GET"]}}],"collection":[{"href":"https:\/\/www.humanites.pl\/en\/wp-json\/wp\/v2\/pages"}],"about":[{"href":"https:\/\/www.humanites.pl\/en\/wp-json\/wp\/v2\/types\/page"}],"author":[{"embeddable":true,"href":"https:\/\/www.humanites.pl\/en\/wp-json\/wp\/v2\/users\/6"}],"replies":[{"embeddable":true,"href":"https:\/\/www.humanites.pl\/en\/wp-json\/wp\/v2\/comments?post=2219"}],"version-history":[{"count":2,"href":"https:\/\/www.humanites.pl\/en\/wp-json\/wp\/v2\/pages\/2219\/revisions"}],"predecessor-version":[{"id":2452,"href":"https:\/\/www.humanites.pl\/en\/wp-json\/wp\/v2\/pages\/2219\/revisions\/2452"}],"wp:attachment":[{"href":"https:\/\/www.humanites.pl\/en\/wp-json\/wp\/v2\/media?parent=2219"}],"curies":[{"name":"wp","href":"https:\/\/api.w.org\/{rel}","templated":true}]}}